{"id":14,"date":"2015-08-27T11:27:27","date_gmt":"2015-08-27T10:27:27","guid":{"rendered":"http:\/\/127.0.0.1\/fleurpenin2015\/?page_id=14"},"modified":"2022-02-23T09:51:30","modified_gmt":"2022-02-23T08:51:30","slug":"le-domaine-la-fleur-penin","status":"publish","type":"page","link":"https:\/\/www.chateaulafleurpenin.com\/en\/le-domaine-la-fleur-penin\/","title":{"rendered":"The estate"},"content":{"rendered":"<div data-elementor-type=\"wp-page\" data-elementor-id=\"14\" class=\"elementor elementor-14\" data-elementor-post-type=\"page\">\n\t\t\t\t\t\t<section class=\"elementor-section elementor-top-section elementor-element elementor-element-c6904b4 elementor-section-boxed elementor-section-height-default elementor-section-height-default\" data-id=\"c6904b4\" data-element_type=\"section\" data-e-type=\"section\" data-settings=\"{&quot;background_background&quot;:&quot;classic&quot;}\">\n\t\t\t\t\t\t\t<div class=\"elementor-background-overlay\"><\/div>\n\t\t\t\t\t\t\t<div class=\"elementor-container elementor-column-gap-default\">\n\t\t\t\t\t<div class=\"elementor-column elementor-col-100 elementor-top-column elementor-element elementor-element-fb61a40\" data-id=\"fb61a40\" data-element_type=\"column\" data-e-type=\"column\">\n\t\t\t<div class=\"elementor-widget-wrap elementor-element-populated\">\n\t\t\t\t\t\t<div class=\"elementor-element elementor-element-da4fa3c elementor-widget elementor-widget-heading\" data-id=\"da4fa3c\" data-element_type=\"widget\" data-e-type=\"widget\" data-widget_type=\"heading.default\">\n\t\t\t\t<div class=\"elementor-widget-container\">\n\t\t\t\t\t<h1 class=\"elementor-heading-title elementor-size-default\">Le domaine de<br> The Penin Flower<\/h1>\t\t\t\t<\/div>\n\t\t\t\t<\/div>\n\t\t\t\t\t<\/div>\n\t\t<\/div>\n\t\t\t\t\t<\/div>\n\t\t<\/section>\n\t\t\t\t<section class=\"elementor-section elementor-top-section elementor-element elementor-element-b496e8b elementor-section-boxed elementor-section-height-default elementor-section-height-default\" data-id=\"b496e8b\" data-element_type=\"section\" data-e-type=\"section\">\n\t\t\t\t\t\t<div class=\"elementor-container elementor-column-gap-default\">\n\t\t\t\t\t<div class=\"elementor-column elementor-col-50 elementor-top-column elementor-element elementor-element-592d65d\" data-id=\"592d65d\" data-element_type=\"column\" data-e-type=\"column\" data-settings=\"{&quot;background_background&quot;:&quot;classic&quot;}\">\n\t\t\t<div class=\"elementor-widget-wrap elementor-element-populated\">\n\t\t\t\t\t\t<div class=\"elementor-element elementor-element-680e3c8 elementor-widget elementor-widget-heading\" data-id=\"680e3c8\" data-element_type=\"widget\" data-e-type=\"widget\" data-widget_type=\"heading.default\">\n\t\t\t\t<div class=\"elementor-widget-container\">\n\t\t\t\t\t<h2 class=\"elementor-heading-title elementor-size-default\">Location<\/h2>\t\t\t\t<\/div>\n\t\t\t\t<\/div>\n\t\t\t\t<div class=\"elementor-element elementor-element-b2b9c63 elementor-widget elementor-widget-text-editor\" data-id=\"b2b9c63\" data-element_type=\"widget\" data-e-type=\"widget\" data-widget_type=\"text-editor.default\">\n\t\t\t\t<div class=\"elementor-widget-container\">\n\t\t\t\t\t\t\t\t\t<p>CH\u00c2TEAU LA FLEUR PENIN &#8211; SAINT \u00c9MILION GRAND CRU<\/p>\t\t\t\t\t\t\t\t<\/div>\n\t\t\t\t<\/div>\n\t\t\t\t<div class=\"elementor-element elementor-element-c6f86f3 elementor-widget elementor-widget-text-editor\" data-id=\"c6f86f3\" data-element_type=\"widget\" data-e-type=\"widget\" data-widget_type=\"text-editor.default\">\n\t\t\t\t<div class=\"elementor-widget-container\">\n\t\t\t\t\t\t\t\t\t<p>Since 1999 The Saint Emilion vineyard is the first vineyard to be <strong class=\"gras\">classified as a World Heritage Site by UNESCO<\/strong> as a \"Cultural Landscape\", a remarkable example of a historic wine-growing landscape that has survived intact...<\/p><p>Particular vigilance is given to this <strong class=\"gras\">unique \u201ccultural landscape\u201d<\/strong> so that it can be preserved and last over time.<\/p>\t\t\t\t\t\t\t\t<\/div>\n\t\t\t\t<\/div>\n\t\t\t\t\t<\/div>\n\t\t<\/div>\n\t\t\t\t<div class=\"elementor-column elementor-col-50 elementor-top-column elementor-element elementor-element-3eea5c8\" data-id=\"3eea5c8\" data-element_type=\"column\" data-e-type=\"column\" data-settings=\"{&quot;background_background&quot;:&quot;classic&quot;}\">\n\t\t\t<div class=\"elementor-widget-wrap elementor-element-populated\">\n\t\t\t\t\t\t<div class=\"elementor-element elementor-element-4019948 elementor-widget elementor-widget-spacer\" data-id=\"4019948\" data-element_type=\"widget\" data-e-type=\"widget\" data-widget_type=\"spacer.default\">\n\t\t\t\t<div class=\"elementor-widget-container\">\n\t\t\t\t\t\t\t<div class=\"elementor-spacer\">\n\t\t\t<div class=\"elementor-spacer-inner\"><\/div>\n\t\t<\/div>\n\t\t\t\t\t\t<\/div>\n\t\t\t\t<\/div>\n\t\t\t\t\t<\/div>\n\t\t<\/div>\n\t\t\t\t\t<\/div>\n\t\t<\/section>\n\t\t\t\t<section class=\"elementor-section elementor-top-section elementor-element elementor-element-2ceb517 elementor-section-boxed elementor-section-height-default elementor-section-height-default\" data-id=\"2ceb517\" data-element_type=\"section\" data-e-type=\"section\">\n\t\t\t\t\t\t<div class=\"elementor-container elementor-column-gap-default\">\n\t\t\t\t\t<div class=\"elementor-column elementor-col-100 elementor-top-column elementor-element elementor-element-32c5849\" data-id=\"32c5849\" data-element_type=\"column\" data-e-type=\"column\" data-settings=\"{&quot;background_background&quot;:&quot;classic&quot;}\">\n\t\t\t<div class=\"elementor-widget-wrap elementor-element-populated\">\n\t\t\t\t\t\t<div class=\"elementor-element elementor-element-76f7bad elementor-widget elementor-widget-heading\" data-id=\"76f7bad\" data-element_type=\"widget\" data-e-type=\"widget\" data-widget_type=\"heading.default\">\n\t\t\t\t<div class=\"elementor-widget-container\">\n\t\t\t\t\t<h2 class=\"elementor-heading-title elementor-size-default\">The history of 'La Fleur Penin'<\/h2>\t\t\t\t<\/div>\n\t\t\t\t<\/div>\n\t\t\t\t<div class=\"elementor-element elementor-element-5c3dd28 elementor-widget elementor-widget-text-editor\" data-id=\"5c3dd28\" data-element_type=\"widget\" data-e-type=\"widget\" data-widget_type=\"text-editor.default\">\n\t\t\t\t<div class=\"elementor-widget-container\">\n\t\t\t\t\t\t\t\t\t<p><strong>Patrick Carteyron<\/strong>, already owner of <strong>Ch\u00e2teau Penin in G\u00e9nissac<\/strong>in the Bordeaux Sup\u00e9rieur appellation, seized the opportunity in 2011 to acquire this confidential 2 \u00bd hectare vineyard in perfect condition, <strong>in the Saint-Emilion Grand Cru appellation.<\/strong><\/p><p><strong>The 35 to 70-year-old vines<\/strong> are planted on a clayey-sandy soil. A voluntary work of <strong>conservation of old vines and maintenance of native grape varieties<\/strong> est r\u00e9alis\u00e9. Les c\u00e9pages cultiv\u00e9s sont le Merlot (80%) et le Cabernet Franc (20%).<\/p><p>The production and management of the estate are carried out within the framework of a<strong>reasoned and multi-performance agroecology: Respect for soil, water, air, biodiversity and plants.<\/strong><\/p>\t\t\t\t\t\t\t\t<\/div>\n\t\t\t\t<\/div>\n\t\t\t\t<div class=\"elementor-element elementor-element-0f9ee6a elementor-align-start elementor-icon-list--layout-inline elementor-list-item-link-full_width elementor-widget elementor-widget-icon-list\" data-id=\"0f9ee6a\" data-element_type=\"widget\" data-e-type=\"widget\" data-widget_type=\"icon-list.default\">\n\t\t\t\t<div class=\"elementor-widget-container\">\n\t\t\t\t\t\t\t<ul class=\"elementor-icon-list-items elementor-inline-items\">\n\t\t\t\t\t\t\t<li class=\"elementor-icon-list-item elementor-inline-item\">\n\t\t\t\t\t\t\t\t\t\t\t<a href=\"https:\/\/www.chateaulafleurpenin.com\/en\/photos-videos\/#vin\">\n\n\t\t\t\t\t\t\t\t\t\t\t\t<span class=\"elementor-icon-list-icon\">\n\t\t\t\t\t\t\t<i aria-hidden=\"true\" class=\"fas fa-video\"><\/i>\t\t\t\t\t\t<\/span>\n\t\t\t\t\t\t\t\t\t\t<span class=\"elementor-icon-list-text\">Video presentation<\/span>\n\t\t\t\t\t\t\t\t\t\t\t<\/a>\n\t\t\t\t\t\t\t\t\t<\/li>\n\t\t\t\t\t\t<\/ul>\n\t\t\t\t\t\t<\/div>\n\t\t\t\t<\/div>\n\t\t\t\t\t<\/div>\n\t\t<\/div>\n\t\t\t\t\t<\/div>\n\t\t<\/section>\n\t\t\t\t<section class=\"elementor-section elementor-top-section elementor-element elementor-element-738d17b elementor-section-boxed elementor-section-height-default elementor-section-height-default\" data-id=\"738d17b\" data-element_type=\"section\" data-e-type=\"section\" data-settings=\"{&quot;background_background&quot;:&quot;classic&quot;}\">\n\t\t\t\t\t\t<div class=\"elementor-container elementor-column-gap-default\">\n\t\t\t\t\t<div class=\"elementor-column elementor-col-50 elementor-top-column elementor-element elementor-element-040d211\" data-id=\"040d211\" data-element_type=\"column\" data-e-type=\"column\">\n\t\t\t<div class=\"elementor-widget-wrap elementor-element-populated\">\n\t\t\t\t\t\t<div class=\"elementor-element elementor-element-284170c elementor-widget elementor-widget-image\" data-id=\"284170c\" data-element_type=\"widget\" data-e-type=\"widget\" data-widget_type=\"image.default\">\n\t\t\t\t<div class=\"elementor-widget-container\">\n\t\t\t\t\t\t\t\t\t\t\t\t\t\t\t<img fetchpriority=\"high\" decoding=\"async\" width=\"800\" height=\"1003\" src=\"https:\/\/www.chateaulafleurpenin.com\/wp-content\/uploads\/2021\/02\/patrick-carteyron.jpg\" class=\"attachment-large size-large wp-image-361\" alt=\"Patrick Carteyron, propri\u00e9taire du domaine La Fleur Penin\" srcset=\"https:\/\/www.chateaulafleurpenin.com\/wp-content\/uploads\/2021\/02\/patrick-carteyron.jpg 800w, https:\/\/www.chateaulafleurpenin.com\/wp-content\/uploads\/2021\/02\/patrick-carteyron-239x300.jpg 239w, https:\/\/www.chateaulafleurpenin.com\/wp-content\/uploads\/2021\/02\/patrick-carteyron-768x963.jpg 768w\" sizes=\"(max-width: 800px) 100vw, 800px\" \/>\t\t\t\t\t\t\t\t\t\t\t\t\t\t\t<\/div>\n\t\t\t\t<\/div>\n\t\t\t\t\t<\/div>\n\t\t<\/div>\n\t\t\t\t<div class=\"elementor-column elementor-col-50 elementor-top-column elementor-element elementor-element-f3e7470\" data-id=\"f3e7470\" data-element_type=\"column\" data-e-type=\"column\" data-settings=\"{&quot;background_background&quot;:&quot;classic&quot;}\">\n\t\t\t<div class=\"elementor-widget-wrap elementor-element-populated\">\n\t\t\t\t\t\t<div class=\"elementor-element elementor-element-db48bf7 elementor-widget elementor-widget-heading\" data-id=\"db48bf7\" data-element_type=\"widget\" data-e-type=\"widget\" data-widget_type=\"heading.default\">\n\t\t\t\t<div class=\"elementor-widget-container\">\n\t\t\t\t\t<h2 class=\"elementor-heading-title elementor-size-default\">Patrick<\/h2>\t\t\t\t<\/div>\n\t\t\t\t<\/div>\n\t\t\t\t<div class=\"elementor-element elementor-element-9ddcc55 elementor-widget elementor-widget-text-editor\" data-id=\"9ddcc55\" data-element_type=\"widget\" data-e-type=\"widget\" data-widget_type=\"text-editor.default\">\n\t\t\t\t<div class=\"elementor-widget-container\">\n\t\t\t\t\t\t\t\t\t<p><strong>An oenologist<\/strong> by training, his ambition <strong>is to restore the original taste of Saint-Emilion wines<\/strong>, all in elegance and finesse.<\/p><p><strong>Epicurean in love<\/strong>, with simplicity, he likes meeting and sharing. Very early on, he traveled the world to present his cuv\u00e9es, but also to open up to others and learn from their experiences.<\/p><p>His daily pleasure is <strong>is tasting his vats and barrels.<\/strong><\/p><p>A dreamer, he imagines the blends, the moments of conviviality where the wine will meet you: around a beautiful table, around a barbecue, on the edges of a swimming pool or at the top of a mountain.<\/p><p><strong>It makes an artisan wine, a true wine! The work is as respectful as possible.<\/strong><\/p>\t\t\t\t\t\t\t\t<\/div>\n\t\t\t\t<\/div>\n\t\t\t\t\t<\/div>\n\t\t<\/div>\n\t\t\t\t\t<\/div>\n\t\t<\/section>\n\t\t\t\t<section class=\"elementor-section elementor-top-section elementor-element elementor-element-683fb51 elementor-section-boxed elementor-section-height-default elementor-section-height-default\" data-id=\"683fb51\" data-element_type=\"section\" data-e-type=\"section\" data-settings=\"{&quot;background_background&quot;:&quot;classic&quot;}\">\n\t\t\t\t\t\t<div class=\"elementor-container elementor-column-gap-default\">\n\t\t\t\t\t<div class=\"elementor-column elementor-col-100 elementor-top-column elementor-element elementor-element-b5cdbbe\" data-id=\"b5cdbbe\" data-element_type=\"column\" data-e-type=\"column\">\n\t\t\t<div class=\"elementor-widget-wrap elementor-element-populated\">\n\t\t\t\t\t\t<div class=\"elementor-element elementor-element-f4004e0 elementor-widget elementor-widget-text-editor\" data-id=\"f4004e0\" data-element_type=\"widget\" data-e-type=\"widget\" data-widget_type=\"text-editor.default\">\n\t\t\t\t<div class=\"elementor-widget-container\">\n\t\t\t\t\t\t\t\t\t<p>\"Understanding the terroirs, sublimating them, giving a unique flavor signature to live in the present moment. \"<\/p>\t\t\t\t\t\t\t\t<\/div>\n\t\t\t\t<\/div>\n\t\t\t\t\t<\/div>\n\t\t<\/div>\n\t\t\t\t\t<\/div>\n\t\t<\/section>\n\t\t\t\t<\/div>","protected":false},"excerpt":{"rendered":"<p>Le domaine de La Fleur Penin Localisation CH\u00c2TEAU LA FLEUR PENIN &#8211; SAINT \u00c9MILION GRAND CRU Depuis 1999 Le vignoble de Saint Emilion est le premier vignoble \u00e0 \u00eatre class\u00e9 au Patrimoine Mondial de l\u2019Humanit\u00e9 par l\u2019UNESCO au titre de \u00ab Paysage culturel \u00bb, exemple remarquable d\u2019un paysage viticole historique qui a surv\u00e9cu intact\u2026 Une [&hellip;]<\/p>\n","protected":false},"author":1,"featured_media":0,"parent":0,"menu_order":0,"comment_status":"closed","ping_status":"closed","template":"elementor_header_footer","meta":{"footnotes":""},"class_list":["post-14","page","type-page","status-publish","hentry"],"yoast_head":"<!-- This site is optimized with the Yoast SEO plugin v27.5 - https:\/\/yoast.com\/product\/yoast-seo-wordpress\/ -->\n<title>Ch\u00e2teau La Fleur Penin | Vignoble de caract\u00e8re - Pr\u00e9sentation du domaine<\/title>\n<meta name=\"description\" content=\"Patrick Carteyron acquiert ce vignoble de 2 hectares en 2011, en appellation Saint-\u00c9milion Grand Cru. Le territoire est argileux-sablonneux\" \/>\n<meta name=\"robots\" content=\"index, follow, max-snippet:-1, max-image-preview:large, max-video-preview:-1\" \/>\n<link rel=\"canonical\" href=\"https:\/\/www.chateaulafleurpenin.com\/en\/le-domaine-la-fleur-penin\/\" \/>\n<meta property=\"og:locale\" content=\"en_US\" \/>\n<meta property=\"og:type\" content=\"article\" \/>\n<meta property=\"og:title\" content=\"Ch\u00e2teau La Fleur Penin | Vignoble de caract\u00e8re - Pr\u00e9sentation du domaine\" \/>\n<meta property=\"og:description\" content=\"Patrick Carteyron acquiert ce vignoble de 2 hectares en 2011, en appellation Saint-\u00c9milion Grand Cru. Le territoire est argileux-sablonneux\" \/>\n<meta property=\"og:url\" content=\"https:\/\/www.chateaulafleurpenin.com\/en\/le-domaine-la-fleur-penin\/\" \/>\n<meta property=\"og:site_name\" content=\"CH\u00c2TEAU LA FLEUR PENIN\" \/>\n<meta property=\"article:modified_time\" content=\"2022-02-23T08:51:30+00:00\" \/>\n<meta property=\"og:image\" content=\"https:\/\/www.chateaulafleurpenin.com\/wp-content\/uploads\/2021\/02\/patrick-carteyron.jpg\" \/>\n<meta name=\"twitter:card\" content=\"summary_large_image\" \/>\n<meta name=\"twitter:label1\" content=\"Est. reading time\" \/>\n\t<meta name=\"twitter:data1\" content=\"2 minutes\" \/>\n<script type=\"application\/ld+json\" class=\"yoast-schema-graph\">{\"@context\":\"https:\\\/\\\/schema.org\",\"@graph\":[{\"@type\":\"WebPage\",\"@id\":\"https:\\\/\\\/www.chateaulafleurpenin.com\\\/le-domaine-la-fleur-penin\\\/\",\"url\":\"https:\\\/\\\/www.chateaulafleurpenin.com\\\/le-domaine-la-fleur-penin\\\/\",\"name\":\"Ch\u00e2teau La Fleur Penin | Vignoble de caract\u00e8re - Pr\u00e9sentation du domaine\",\"isPartOf\":{\"@id\":\"https:\\\/\\\/www.chateaulafleurpenin.com\\\/#website\"},\"primaryImageOfPage\":{\"@id\":\"https:\\\/\\\/www.chateaulafleurpenin.com\\\/le-domaine-la-fleur-penin\\\/#primaryimage\"},\"image\":{\"@id\":\"https:\\\/\\\/www.chateaulafleurpenin.com\\\/le-domaine-la-fleur-penin\\\/#primaryimage\"},\"thumbnailUrl\":\"https:\\\/\\\/www.chateaulafleurpenin.com\\\/wp-content\\\/uploads\\\/2021\\\/02\\\/patrick-carteyron.jpg\",\"datePublished\":\"2015-08-27T10:27:27+00:00\",\"dateModified\":\"2022-02-23T08:51:30+00:00\",\"description\":\"Patrick Carteyron acquiert ce vignoble de 2 hectares en 2011, en appellation Saint-\u00c9milion Grand Cru. Le territoire est argileux-sablonneux\",\"breadcrumb\":{\"@id\":\"https:\\\/\\\/www.chateaulafleurpenin.com\\\/le-domaine-la-fleur-penin\\\/#breadcrumb\"},\"inLanguage\":\"en-US\",\"potentialAction\":[{\"@type\":\"ReadAction\",\"target\":[\"https:\\\/\\\/www.chateaulafleurpenin.com\\\/le-domaine-la-fleur-penin\\\/\"]}]},{\"@type\":\"ImageObject\",\"inLanguage\":\"en-US\",\"@id\":\"https:\\\/\\\/www.chateaulafleurpenin.com\\\/le-domaine-la-fleur-penin\\\/#primaryimage\",\"url\":\"https:\\\/\\\/www.chateaulafleurpenin.com\\\/wp-content\\\/uploads\\\/2021\\\/02\\\/patrick-carteyron.jpg\",\"contentUrl\":\"https:\\\/\\\/www.chateaulafleurpenin.com\\\/wp-content\\\/uploads\\\/2021\\\/02\\\/patrick-carteyron.jpg\"},{\"@type\":\"BreadcrumbList\",\"@id\":\"https:\\\/\\\/www.chateaulafleurpenin.com\\\/le-domaine-la-fleur-penin\\\/#breadcrumb\",\"itemListElement\":[{\"@type\":\"ListItem\",\"position\":1,\"name\":\"Accueil\",\"item\":\"https:\\\/\\\/www.chateaulafleurpenin.com\\\/\"},{\"@type\":\"ListItem\",\"position\":2,\"name\":\"Le domaine\"}]},{\"@type\":\"WebSite\",\"@id\":\"https:\\\/\\\/www.chateaulafleurpenin.com\\\/#website\",\"url\":\"https:\\\/\\\/www.chateaulafleurpenin.com\\\/\",\"name\":\"CH\u00c2TEAU LA FLEUR PENIN\",\"description\":\"AOC SAINT \u00c9MILION GRAND CRU\",\"potentialAction\":[{\"@type\":\"SearchAction\",\"target\":{\"@type\":\"EntryPoint\",\"urlTemplate\":\"https:\\\/\\\/www.chateaulafleurpenin.com\\\/?s={search_term_string}\"},\"query-input\":{\"@type\":\"PropertyValueSpecification\",\"valueRequired\":true,\"valueName\":\"search_term_string\"}}],\"inLanguage\":\"en-US\"}]}<\/script>\n<!-- \/ Yoast SEO plugin. -->","yoast_head_json":{"title":"Ch\u00e2teau La Fleur Penin | Vignoble de caract\u00e8re - Pr\u00e9sentation du domaine","description":"Patrick Carteyron acquiert ce vignoble de 2 hectares en 2011, en appellation Saint-\u00c9milion Grand Cru. Le territoire est argileux-sablonneux","robots":{"index":"index","follow":"follow","max-snippet":"max-snippet:-1","max-image-preview":"max-image-preview:large","max-video-preview":"max-video-preview:-1"},"canonical":"https:\/\/www.chateaulafleurpenin.com\/en\/le-domaine-la-fleur-penin\/","og_locale":"en_US","og_type":"article","og_title":"Ch\u00e2teau La Fleur Penin | Vignoble de caract\u00e8re - Pr\u00e9sentation du domaine","og_description":"Patrick Carteyron acquiert ce vignoble de 2 hectares en 2011, en appellation Saint-\u00c9milion Grand Cru. Le territoire est argileux-sablonneux","og_url":"https:\/\/www.chateaulafleurpenin.com\/en\/le-domaine-la-fleur-penin\/","og_site_name":"CH\u00c2TEAU LA FLEUR PENIN","article_modified_time":"2022-02-23T08:51:30+00:00","og_image":[{"url":"https:\/\/www.chateaulafleurpenin.com\/wp-content\/uploads\/2021\/02\/patrick-carteyron.jpg","type":"","width":"","height":""}],"twitter_card":"summary_large_image","twitter_misc":{"Est. reading time":"2 minutes"},"schema":{"@context":"https:\/\/schema.org","@graph":[{"@type":"WebPage","@id":"https:\/\/www.chateaulafleurpenin.com\/le-domaine-la-fleur-penin\/","url":"https:\/\/www.chateaulafleurpenin.com\/le-domaine-la-fleur-penin\/","name":"Ch\u00e2teau La Fleur Penin | Vignoble de caract\u00e8re - Pr\u00e9sentation du domaine","isPartOf":{"@id":"https:\/\/www.chateaulafleurpenin.com\/#website"},"primaryImageOfPage":{"@id":"https:\/\/www.chateaulafleurpenin.com\/le-domaine-la-fleur-penin\/#primaryimage"},"image":{"@id":"https:\/\/www.chateaulafleurpenin.com\/le-domaine-la-fleur-penin\/#primaryimage"},"thumbnailUrl":"https:\/\/www.chateaulafleurpenin.com\/wp-content\/uploads\/2021\/02\/patrick-carteyron.jpg","datePublished":"2015-08-27T10:27:27+00:00","dateModified":"2022-02-23T08:51:30+00:00","description":"Patrick Carteyron acquiert ce vignoble de 2 hectares en 2011, en appellation Saint-\u00c9milion Grand Cru. Le territoire est argileux-sablonneux","breadcrumb":{"@id":"https:\/\/www.chateaulafleurpenin.com\/le-domaine-la-fleur-penin\/#breadcrumb"},"inLanguage":"en-US","potentialAction":[{"@type":"ReadAction","target":["https:\/\/www.chateaulafleurpenin.com\/le-domaine-la-fleur-penin\/"]}]},{"@type":"ImageObject","inLanguage":"en-US","@id":"https:\/\/www.chateaulafleurpenin.com\/le-domaine-la-fleur-penin\/#primaryimage","url":"https:\/\/www.chateaulafleurpenin.com\/wp-content\/uploads\/2021\/02\/patrick-carteyron.jpg","contentUrl":"https:\/\/www.chateaulafleurpenin.com\/wp-content\/uploads\/2021\/02\/patrick-carteyron.jpg"},{"@type":"BreadcrumbList","@id":"https:\/\/www.chateaulafleurpenin.com\/le-domaine-la-fleur-penin\/#breadcrumb","itemListElement":[{"@type":"ListItem","position":1,"name":"Accueil","item":"https:\/\/www.chateaulafleurpenin.com\/"},{"@type":"ListItem","position":2,"name":"Le domaine"}]},{"@type":"WebSite","@id":"https:\/\/www.chateaulafleurpenin.com\/#website","url":"https:\/\/www.chateaulafleurpenin.com\/","name":"CH\u00c2TEAU LA FLEUR PENIN","description":"AOC SAINT \u00c9MILION GRAND CRU","potentialAction":[{"@type":"SearchAction","target":{"@type":"EntryPoint","urlTemplate":"https:\/\/www.chateaulafleurpenin.com\/?s={search_term_string}"},"query-input":{"@type":"PropertyValueSpecification","valueRequired":true,"valueName":"search_term_string"}}],"inLanguage":"en-US"}]}},"_links":{"self":[{"href":"https:\/\/www.chateaulafleurpenin.com\/en\/wp-json\/wp\/v2\/pages\/14","targetHints":{"allow":["GET"]}}],"collection":[{"href":"https:\/\/www.chateaulafleurpenin.com\/en\/wp-json\/wp\/v2\/pages"}],"about":[{"href":"https:\/\/www.chateaulafleurpenin.com\/en\/wp-json\/wp\/v2\/types\/page"}],"author":[{"embeddable":true,"href":"https:\/\/www.chateaulafleurpenin.com\/en\/wp-json\/wp\/v2\/users\/1"}],"replies":[{"embeddable":true,"href":"https:\/\/www.chateaulafleurpenin.com\/en\/wp-json\/wp\/v2\/comments?post=14"}],"version-history":[{"count":225,"href":"https:\/\/www.chateaulafleurpenin.com\/en\/wp-json\/wp\/v2\/pages\/14\/revisions"}],"predecessor-version":[{"id":1850,"href":"https:\/\/www.chateaulafleurpenin.com\/en\/wp-json\/wp\/v2\/pages\/14\/revisions\/1850"}],"wp:attachment":[{"href":"https:\/\/www.chateaulafleurpenin.com\/en\/wp-json\/wp\/v2\/media?parent=14"}],"curies":[{"name":"wp","href":"https:\/\/api.w.org\/{rel}","templated":true}]}}