{"id":1807,"date":"2021-06-29T18:58:32","date_gmt":"2021-06-29T17:58:32","guid":{"rendered":"https:\/\/www.chateaulafleurpenin.com\/?page_id=1807"},"modified":"2021-06-29T19:09:02","modified_gmt":"2021-06-29T18:09:02","slug":"mentions-legales","status":"publish","type":"page","link":"https:\/\/www.chateaulafleurpenin.com\/en\/mentions-legales\/","title":{"rendered":"Legal notice"},"content":{"rendered":"<div data-elementor-type=\"wp-page\" data-elementor-id=\"1807\" class=\"elementor elementor-1807\" data-elementor-post-type=\"page\">\n\t\t\t\t\t\t<section class=\"elementor-section elementor-top-section elementor-element elementor-element-9474a8c elementor-section-boxed elementor-section-height-default elementor-section-height-default\" data-id=\"9474a8c\" data-element_type=\"section\" data-e-type=\"section\">\n\t\t\t\t\t\t<div class=\"elementor-container elementor-column-gap-default\">\n\t\t\t\t\t<div class=\"elementor-column elementor-col-100 elementor-top-column elementor-element elementor-element-4581c0e\" data-id=\"4581c0e\" data-element_type=\"column\" data-e-type=\"column\">\n\t\t\t<div class=\"elementor-widget-wrap elementor-element-populated\">\n\t\t\t\t\t\t<div class=\"elementor-element elementor-element-0d01c29 elementor-widget elementor-widget-heading\" data-id=\"0d01c29\" data-element_type=\"widget\" data-e-type=\"widget\" data-widget_type=\"heading.default\">\n\t\t\t\t<div class=\"elementor-widget-container\">\n\t\t\t\t\t<h1 class=\"elementor-heading-title elementor-size-default\">Legal notice<\/h1>\t\t\t\t<\/div>\n\t\t\t\t<\/div>\n\t\t\t\t<div class=\"elementor-element elementor-element-0ef81e0 elementor-widget-divider--view-line elementor-widget elementor-widget-divider\" data-id=\"0ef81e0\" data-element_type=\"widget\" data-e-type=\"widget\" data-widget_type=\"divider.default\">\n\t\t\t\t<div class=\"elementor-widget-container\">\n\t\t\t\t\t\t\t<div class=\"elementor-divider\">\n\t\t\t<span class=\"elementor-divider-separator\">\n\t\t\t\t\t\t<\/span>\n\t\t<\/div>\n\t\t\t\t\t\t<\/div>\n\t\t\t\t<\/div>\n\t\t\t\t<div class=\"elementor-element elementor-element-7b1298f elementor-widget elementor-widget-text-editor\" data-id=\"7b1298f\" data-element_type=\"widget\" data-e-type=\"widget\" id=\"mentions-legales\" data-widget_type=\"text-editor.default\">\n\t\t\t\t<div class=\"elementor-widget-container\">\n\t\t\t\t\t\t\t\t\t<p><strong>DIRECTION PUBLICATION<\/strong><\/p><p>The Penin Flower' Castle<\/p><p>Gombaud, 33330 Saint-Pey-d&rsquo;Armens<\/p><p>contact@chateaulafleurpenin.com<\/p><p>06 07 43 15 74<\/p><p><strong>\u200b<\/strong><\/p><p><strong>\u200bDIRECTION ARTISTIQUE ET H\u00c9BERGEMENT<\/strong><\/p><p>\u200bSite r\u00e9alis\u00e9 par <a href=\"https:\/\/maxime-meriller.fr\" target=\"_blank\" rel=\"noopener\">Maxime Meriller<\/a> et h\u00e9berg\u00e9 par l&rsquo;agence <a href=\"https:\/\/www.bonbay.fr\/\">Bonbay<\/a><\/p><p>6 rue de la Passerelle 33100 BORDEAUX.<\/p><p>\u200b<\/p><p><strong>LOI INFORMATIQUE ET LIBERT\u00c9S<\/strong><\/p><p>\u200bConform\u00e9ment \u00e0 la loi Informatique et libert\u00e9s du 6 janvier 1978, nous vous informons que vous disposez d\u2019un droit d\u2019acc\u00e8s, de modification, de rectification et de suppression de votre contribution. Pour cela, \u00e9crivez au si\u00e8ge de la soci\u00e9t\u00e9.<\/p><p>Formulaire de contact : Les informations recueillies aupr\u00e8s des personnes par le biais du formulaire de contact ne sauraient \u00eatre divulgu\u00e9es \u00e0 des personnes autres que celles composant notre collectivit\u00e9. Toutefois, tel que l\u2019exige la loi Informatique et Libert\u00e9s nous vous informons que vos r\u00e9ponses sont facultatives et que le d\u00e9faut de r\u00e9ponse n\u2019entra\u00eenera aucune cons\u00e9quence particuli\u00e8re. N\u00e9anmoins, vos r\u00e9ponses doivent \u00eatre suffisantes pour nous permettre de traiter l\u2019information.<\/p><p>\u200b<\/p><p><strong>CONTREFA\u00c7ON<\/strong><\/p><p>\u200bToute reproduction ou repr\u00e9sentation, en tout ou partie, \u00e0 d\u2019autres fins sur un quelconque support est interdite. Le non-respect de cette interdiction constitue une contrefa\u00e7on pouvant engager la responsabilit\u00e9 civile et p\u00e9nale du contrefacteur. Les informations contenues dans ce service sont non contractuelles et sujettes \u00e0 modification sans pr\u00e9avis.<\/p><p>\u200b\u200b<\/p><p><strong>POLITIQUE DE CONFIDENTIALIT\u00c9<\/strong><\/p><p><strong>INTRODUCTION<\/strong><\/p><p>\u200bNous nous engageons \u00e0 respecter la vie priv\u00e9e des utilisateurs visitant notre site et qui entrent en contact avec nous. C\u2019est pourquoi nous nous conformons aux r\u00e8gles sur la protection des donn\u00e9es en vigueur, r\u00e8gles garantissant votre bien-\u00eatre sur internet. En lisant les quelques points ci-dessous vous comprendrez les donn\u00e9es que nous collectons, comment nous le faisons et pourquoi. Nous vous informons \u00e9galement comment modifier ou supprimer ces donn\u00e9es \u00e0 tout moment.<\/p><p>\u200b<\/p><p><strong>D\u00c9FINITION DONN\u00c9ES PERSONNELLES<\/strong><\/p><p>\u200bUne donn\u00e9e personnelle est une information identifiants de mani\u00e8re directe ou indirecte une personne physique (Par exemple : Nom, num\u00e9ro d\u2019immatriculation, num\u00e9ro de t\u00e9l\u00e9phone, date de naissance, photographie, empreinte digital, adresse..)<\/p><p><strong>\u200b<\/strong><\/p><p><strong>COLLECTE DE L&rsquo;INFORMATION<\/strong><\/p><p>\u200bNous ne recueillons que les informations que vous choisissez de nous transmettre. Il peut s\u2019agir de vos nom, pr\u00e9nom, num\u00e9ro de t\u00e9l\u00e9phone et adresse email, indiqu\u00e9s notamment lorsque vous formulez une demande via le formulaire de contact. En y proc\u00e9dant, vous consentez \u00e0 notre Politique de confidentialit\u00e9.<\/p><p>\u200b<\/p><p><strong>UTILISATION DE L&rsquo;INFORMATION<\/strong><\/p><p>\u200bNous collectons vos donn\u00e9es pour non seulement r\u00e9pondre \u00e0 vos requ\u00eates, mais aussi pour personnaliser votre exp\u00e9rience sur notre site que nous am\u00e9liorerons gr\u00e2ce \u00e0 elles.<\/p><p><strong>\u200b<\/strong><\/p><p><strong>DIVULGATION A DES TIERS<\/strong><\/p><p>\u200bNous ne vendons, n\u2019\u00e9changeons et ne transf\u00e9rons pas vos informations personnelles \u00e0 des tiers.<\/p><p>\u200b<\/p><p>PROTECTION DE L&rsquo;INFORMATION<\/p><p>\u200b<\/p><p>Les ordinateurs et serveurs utilis\u00e9s pour stocker des informations personnelles sont conserv\u00e9s dans un environnement s\u00e9curis\u00e9.<\/p><p>\u200b<\/p><p><strong>UTILISATION DES COOKIES<\/strong><\/p><p>\u200bLes cookies am\u00e9liorent l\u2019acc\u00e8s \u00e0 un site et permettent d\u2019identifier les visiteurs r\u00e9guliers. Ils am\u00e9liorent ainsi l\u2019exp\u00e9rience de l\u2019utilisateur gr\u00e2ce au suivi et au ciblage de ses int\u00e9r\u00eats. Cependant, il ne sont en aucune fa\u00e7on li\u00e9e \u00e0 des informations personnelles sur les visiteurs.<\/p><p>Sur notre site, nous n\u2019utilisons pas de cookies.<\/p><p>\u200b<\/p><p><strong>MODIFICATION OU SUPPRESSION DE VOS DONN\u00c9ES<\/strong><\/p><p>\u200bSachez qu\u2019\u00e0 tout moment, vous avez le droit de modifier ou supprimer des informations vous concernant, ainsi que de d\u00e9finir leur utilisation qui peut en \u00eatre faite. Pour cela contactez-nous \u00e0 l&rsquo;adresse <a href=\"mailto:contact@chateaulafleurpenin.com\">contact@chateaulafleurpenin.com<\/a><\/p><p>\u200b<\/p><p><strong>BASE L\u00c9GALE<\/strong><\/p><p>\u200bLa pr\u00e9sente d\u00e9claration de confidentialit\u00e9 repose sur la loi du 20 juin 2018 et tient \u00e9galement compte du R\u00e8glement g\u00e9n\u00e9ral de protection des donn\u00e9es (RGPD) de l\u2019Union europ\u00e9enne.<\/p><p>\u200b<\/p><p><strong>CONTACT<\/strong><\/p><p>\u200bPour un renseignement au sujet de notre Politique de confidentialit\u00e9, ainsi que pour toute demande de modification et\/ou suppression de vos donn\u00e9es personnelles, vous pouvez nous contacter par email \u00e0 <a href=\"mailto:contact@chateaulafleurpenin.com\">contact@chateaulafleurpenin.com<\/a><\/p>\t\t\t\t\t\t\t\t<\/div>\n\t\t\t\t<\/div>\n\t\t\t\t\t<\/div>\n\t\t<\/div>\n\t\t\t\t\t<\/div>\n\t\t<\/section>\n\t\t\t\t<\/div>","protected":false},"excerpt":{"rendered":"<p>Mentions l\u00e9gales DIRECTION PUBLICATION Ch\u00e2teau La Fleur Penin Gombaud, 33330 Saint-Pey-d&rsquo;Armens contact@chateaulafleurpenin.com 06 07 43 15 74 \u200b \u200bDIRECTION ARTISTIQUE ET H\u00c9BERGEMENT \u200bSite r\u00e9alis\u00e9 par Maxime Meriller et h\u00e9berg\u00e9 par l&rsquo;agence Bonbay 6 rue de la Passerelle 33100 BORDEAUX. \u200b LOI INFORMATIQUE ET LIBERT\u00c9S \u200bConform\u00e9ment \u00e0 la loi Informatique et libert\u00e9s du 6 janvier 1978, [&hellip;]<\/p>\n","protected":false},"author":3,"featured_media":0,"parent":0,"menu_order":0,"comment_status":"closed","ping_status":"closed","template":"elementor_header_footer","meta":{"footnotes":""},"class_list":["post-1807","page","type-page","status-publish","hentry"],"yoast_head":"<!-- This site is optimized with the Yoast SEO plugin v27.5 - https:\/\/yoast.com\/product\/yoast-seo-wordpress\/ -->\n<title>Mentions l\u00e9gales - CH\u00c2TEAU LA FLEUR PENIN<\/title>\n<meta name=\"robots\" content=\"noindex, nofollow\" \/>\n<meta property=\"og:locale\" content=\"en_US\" \/>\n<meta property=\"og:type\" content=\"article\" \/>\n<meta property=\"og:title\" content=\"Mentions l\u00e9gales - CH\u00c2TEAU LA FLEUR PENIN\" \/>\n<meta property=\"og:description\" content=\"Mentions l\u00e9gales DIRECTION PUBLICATION Ch\u00e2teau La Fleur Penin Gombaud, 33330 Saint-Pey-d&rsquo;Armens contact@chateaulafleurpenin.com 06 07 43 15 74 \u200b \u200bDIRECTION ARTISTIQUE ET H\u00c9BERGEMENT \u200bSite r\u00e9alis\u00e9 par Maxime Meriller et h\u00e9berg\u00e9 par l&rsquo;agence Bonbay 6 rue de la Passerelle 33100 BORDEAUX. \u200b LOI INFORMATIQUE ET LIBERT\u00c9S \u200bConform\u00e9ment \u00e0 la loi Informatique et libert\u00e9s du 6 janvier 1978, [&hellip;]\" \/>\n<meta property=\"og:url\" content=\"https:\/\/www.chateaulafleurpenin.com\/en\/mentions-legales\/\" \/>\n<meta property=\"og:site_name\" content=\"CH\u00c2TEAU LA FLEUR PENIN\" \/>\n<meta property=\"article:modified_time\" content=\"2021-06-29T18:09:02+00:00\" \/>\n<meta name=\"twitter:card\" content=\"summary_large_image\" \/>\n<meta name=\"twitter:label1\" content=\"Est. reading time\" \/>\n\t<meta name=\"twitter:data1\" content=\"3 minutes\" \/>\n<script type=\"application\/ld+json\" class=\"yoast-schema-graph\">{\"@context\":\"https:\\\/\\\/schema.org\",\"@graph\":[{\"@type\":\"WebPage\",\"@id\":\"https:\\\/\\\/www.chateaulafleurpenin.com\\\/mentions-legales\\\/\",\"url\":\"https:\\\/\\\/www.chateaulafleurpenin.com\\\/mentions-legales\\\/\",\"name\":\"Mentions l\u00e9gales - CH\u00c2TEAU LA FLEUR PENIN\",\"isPartOf\":{\"@id\":\"https:\\\/\\\/www.chateaulafleurpenin.com\\\/#website\"},\"datePublished\":\"2021-06-29T17:58:32+00:00\",\"dateModified\":\"2021-06-29T18:09:02+00:00\",\"breadcrumb\":{\"@id\":\"https:\\\/\\\/www.chateaulafleurpenin.com\\\/mentions-legales\\\/#breadcrumb\"},\"inLanguage\":\"en-US\",\"potentialAction\":[{\"@type\":\"ReadAction\",\"target\":[\"https:\\\/\\\/www.chateaulafleurpenin.com\\\/mentions-legales\\\/\"]}]},{\"@type\":\"BreadcrumbList\",\"@id\":\"https:\\\/\\\/www.chateaulafleurpenin.com\\\/mentions-legales\\\/#breadcrumb\",\"itemListElement\":[{\"@type\":\"ListItem\",\"position\":1,\"name\":\"Accueil\",\"item\":\"https:\\\/\\\/www.chateaulafleurpenin.com\\\/\"},{\"@type\":\"ListItem\",\"position\":2,\"name\":\"Mentions l\u00e9gales\"}]},{\"@type\":\"WebSite\",\"@id\":\"https:\\\/\\\/www.chateaulafleurpenin.com\\\/#website\",\"url\":\"https:\\\/\\\/www.chateaulafleurpenin.com\\\/\",\"name\":\"CH\u00c2TEAU LA FLEUR PENIN\",\"description\":\"AOC SAINT \u00c9MILION GRAND CRU\",\"potentialAction\":[{\"@type\":\"SearchAction\",\"target\":{\"@type\":\"EntryPoint\",\"urlTemplate\":\"https:\\\/\\\/www.chateaulafleurpenin.com\\\/?s={search_term_string}\"},\"query-input\":{\"@type\":\"PropertyValueSpecification\",\"valueRequired\":true,\"valueName\":\"search_term_string\"}}],\"inLanguage\":\"en-US\"}]}<\/script>\n<!-- \/ Yoast SEO plugin. -->","yoast_head_json":{"title":"Mentions l\u00e9gales - CH\u00c2TEAU LA FLEUR PENIN","robots":{"index":"noindex","follow":"nofollow"},"og_locale":"en_US","og_type":"article","og_title":"Mentions l\u00e9gales - CH\u00c2TEAU LA FLEUR PENIN","og_description":"Mentions l\u00e9gales DIRECTION PUBLICATION Ch\u00e2teau La Fleur Penin Gombaud, 33330 Saint-Pey-d&rsquo;Armens contact@chateaulafleurpenin.com 06 07 43 15 74 \u200b \u200bDIRECTION ARTISTIQUE ET H\u00c9BERGEMENT \u200bSite r\u00e9alis\u00e9 par Maxime Meriller et h\u00e9berg\u00e9 par l&rsquo;agence Bonbay 6 rue de la Passerelle 33100 BORDEAUX. \u200b LOI INFORMATIQUE ET LIBERT\u00c9S \u200bConform\u00e9ment \u00e0 la loi Informatique et libert\u00e9s du 6 janvier 1978, [&hellip;]","og_url":"https:\/\/www.chateaulafleurpenin.com\/en\/mentions-legales\/","og_site_name":"CH\u00c2TEAU LA FLEUR PENIN","article_modified_time":"2021-06-29T18:09:02+00:00","twitter_card":"summary_large_image","twitter_misc":{"Est. reading time":"3 minutes"},"schema":{"@context":"https:\/\/schema.org","@graph":[{"@type":"WebPage","@id":"https:\/\/www.chateaulafleurpenin.com\/mentions-legales\/","url":"https:\/\/www.chateaulafleurpenin.com\/mentions-legales\/","name":"Mentions l\u00e9gales - CH\u00c2TEAU LA FLEUR PENIN","isPartOf":{"@id":"https:\/\/www.chateaulafleurpenin.com\/#website"},"datePublished":"2021-06-29T17:58:32+00:00","dateModified":"2021-06-29T18:09:02+00:00","breadcrumb":{"@id":"https:\/\/www.chateaulafleurpenin.com\/mentions-legales\/#breadcrumb"},"inLanguage":"en-US","potentialAction":[{"@type":"ReadAction","target":["https:\/\/www.chateaulafleurpenin.com\/mentions-legales\/"]}]},{"@type":"BreadcrumbList","@id":"https:\/\/www.chateaulafleurpenin.com\/mentions-legales\/#breadcrumb","itemListElement":[{"@type":"ListItem","position":1,"name":"Accueil","item":"https:\/\/www.chateaulafleurpenin.com\/"},{"@type":"ListItem","position":2,"name":"Mentions l\u00e9gales"}]},{"@type":"WebSite","@id":"https:\/\/www.chateaulafleurpenin.com\/#website","url":"https:\/\/www.chateaulafleurpenin.com\/","name":"CH\u00c2TEAU LA FLEUR PENIN","description":"AOC SAINT \u00c9MILION GRAND CRU","potentialAction":[{"@type":"SearchAction","target":{"@type":"EntryPoint","urlTemplate":"https:\/\/www.chateaulafleurpenin.com\/?s={search_term_string}"},"query-input":{"@type":"PropertyValueSpecification","valueRequired":true,"valueName":"search_term_string"}}],"inLanguage":"en-US"}]}},"_links":{"self":[{"href":"https:\/\/www.chateaulafleurpenin.com\/en\/wp-json\/wp\/v2\/pages\/1807","targetHints":{"allow":["GET"]}}],"collection":[{"href":"https:\/\/www.chateaulafleurpenin.com\/en\/wp-json\/wp\/v2\/pages"}],"about":[{"href":"https:\/\/www.chateaulafleurpenin.com\/en\/wp-json\/wp\/v2\/types\/page"}],"author":[{"embeddable":true,"href":"https:\/\/www.chateaulafleurpenin.com\/en\/wp-json\/wp\/v2\/users\/3"}],"replies":[{"embeddable":true,"href":"https:\/\/www.chateaulafleurpenin.com\/en\/wp-json\/wp\/v2\/comments?post=1807"}],"version-history":[{"count":7,"href":"https:\/\/www.chateaulafleurpenin.com\/en\/wp-json\/wp\/v2\/pages\/1807\/revisions"}],"predecessor-version":[{"id":1816,"href":"https:\/\/www.chateaulafleurpenin.com\/en\/wp-json\/wp\/v2\/pages\/1807\/revisions\/1816"}],"wp:attachment":[{"href":"https:\/\/www.chateaulafleurpenin.com\/en\/wp-json\/wp\/v2\/media?parent=1807"}],"curies":[{"name":"wp","href":"https:\/\/api.w.org\/{rel}","templated":true}]}}