{"id":327,"date":"2021-02-15T20:34:49","date_gmt":"2021-02-15T19:34:49","guid":{"rendered":"http:\/\/www.chateau-la-fleur-penin.com\/?page_id=327"},"modified":"2021-06-18T16:50:52","modified_gmt":"2021-06-18T15:50:52","slug":"degustation-et-accords","status":"publish","type":"page","link":"https:\/\/www.chateaulafleurpenin.com\/en\/degustation-et-accords\/","title":{"rendered":"Tasting and pairings"},"content":{"rendered":"<div data-elementor-type=\"wp-page\" data-elementor-id=\"327\" class=\"elementor elementor-327\" data-elementor-post-type=\"page\">\n\t\t\t\t\t\t<section class=\"elementor-section elementor-top-section elementor-element elementor-element-22126b3 elementor-section-boxed elementor-section-height-default elementor-section-height-default\" data-id=\"22126b3\" data-element_type=\"section\" data-e-type=\"section\" data-settings=\"{&quot;background_background&quot;:&quot;classic&quot;}\">\n\t\t\t\t\t\t<div class=\"elementor-container elementor-column-gap-default\">\n\t\t\t\t\t<div class=\"elementor-column elementor-col-100 elementor-top-column elementor-element elementor-element-08dd2f9\" data-id=\"08dd2f9\" data-element_type=\"column\" data-e-type=\"column\">\n\t\t\t<div class=\"elementor-widget-wrap elementor-element-populated\">\n\t\t\t\t\t\t<div class=\"elementor-element elementor-element-9fb4916 elementor-widget elementor-widget-heading\" data-id=\"9fb4916\" data-element_type=\"widget\" data-e-type=\"widget\" data-widget_type=\"heading.default\">\n\t\t\t\t<div class=\"elementor-widget-container\">\n\t\t\t\t\t<h2 class=\"elementor-heading-title elementor-size-default\">Tasting and pairing page<\/h2>\t\t\t\t<\/div>\n\t\t\t\t<\/div>\n\t\t\t\t<div class=\"elementor-element elementor-element-3339974 elementor-widget elementor-widget-text-editor\" data-id=\"3339974\" data-element_type=\"widget\" data-e-type=\"widget\" data-widget_type=\"text-editor.default\">\n\t\t\t\t<div class=\"elementor-widget-container\">\n\t\t\t\t\t\t\t\t\t<p><strong>Tasting a wine is not just for connoisseurs.<\/strong> The delight that a wine provides is also subjective, it depends on many elements, when it is tasted, the person with whom it is shared, the cuisine associated with it and many other parameters.<\/p>\t\t\t\t\t\t\t\t<\/div>\n\t\t\t\t<\/div>\n\t\t\t\t<div class=\"elementor-element elementor-element-9ad0ec1 elementor-widget elementor-widget-text-editor\" data-id=\"9ad0ec1\" data-element_type=\"widget\" data-e-type=\"widget\" data-widget_type=\"text-editor.default\">\n\t\t\t\t<div class=\"elementor-widget-container\">\n\t\t\t\t\t\t\t\t\t<p>All that matters is the pleasure we take.<\/p>\t\t\t\t\t\t\t\t<\/div>\n\t\t\t\t<\/div>\n\t\t\t\t<div class=\"elementor-element elementor-element-b5b620f elementor-widget elementor-widget-text-editor\" data-id=\"b5b620f\" data-element_type=\"widget\" data-e-type=\"widget\" data-widget_type=\"text-editor.default\">\n\t\t\t\t<div class=\"elementor-widget-container\">\n\t\t\t\t\t\t\t\t\t<p>However, a few points of reference can help to better understand the tasting.<\/p>\t\t\t\t\t\t\t\t<\/div>\n\t\t\t\t<\/div>\n\t\t\t\t<section class=\"elementor-section elementor-inner-section elementor-element elementor-element-2450994 elementor-section-boxed elementor-section-height-default elementor-section-height-default\" data-id=\"2450994\" data-element_type=\"section\" data-e-type=\"section\">\n\t\t\t\t\t\t<div class=\"elementor-container elementor-column-gap-default\">\n\t\t\t\t\t<div class=\"elementor-column elementor-col-50 elementor-inner-column elementor-element elementor-element-7013c8b\" data-id=\"7013c8b\" data-element_type=\"column\" data-e-type=\"column\">\n\t\t\t<div class=\"elementor-widget-wrap elementor-element-populated\">\n\t\t\t\t\t\t<div class=\"elementor-element elementor-element-067faca elementor-align-center elementor-invisible elementor-widget elementor-widget-button\" data-id=\"067faca\" data-element_type=\"widget\" data-e-type=\"widget\" data-settings=\"{&quot;_animation&quot;:&quot;fadeIn&quot;}\" data-widget_type=\"button.default\">\n\t\t\t\t<div class=\"elementor-widget-container\">\n\t\t\t\t\t\t\t\t\t<div class=\"elementor-button-wrapper\">\n\t\t\t\t\t<a class=\"elementor-button elementor-button-link elementor-size-sm\" href=\"http:\/\/www.chateaulafleurpenin.com\/wp-content\/uploads\/2021\/03\/etapes_de_degustation_paysage_vf.pdf\" target=\"_blank\">\n\t\t\t\t\t\t<span class=\"elementor-button-content-wrapper\">\n\t\t\t\t\t\t\t\t\t<span class=\"elementor-button-text\">INITIATION TO TASTING<\/span>\n\t\t\t\t\t<\/span>\n\t\t\t\t\t<\/a>\n\t\t\t\t<\/div>\n\t\t\t\t\t\t\t\t<\/div>\n\t\t\t\t<\/div>\n\t\t\t\t\t<\/div>\n\t\t<\/div>\n\t\t\t\t<div class=\"elementor-column elementor-col-50 elementor-inner-column elementor-element elementor-element-4671ae2\" data-id=\"4671ae2\" data-element_type=\"column\" data-e-type=\"column\">\n\t\t\t<div class=\"elementor-widget-wrap elementor-element-populated\">\n\t\t\t\t\t\t<div class=\"elementor-element elementor-element-9b10cc0 elementor-align-center elementor-invisible elementor-widget elementor-widget-button\" data-id=\"9b10cc0\" data-element_type=\"widget\" data-e-type=\"widget\" data-settings=\"{&quot;_animation&quot;:&quot;fadeIn&quot;}\" data-widget_type=\"button.default\">\n\t\t\t\t<div class=\"elementor-widget-container\">\n\t\t\t\t\t\t\t\t\t<div class=\"elementor-button-wrapper\">\n\t\t\t\t\t<a class=\"elementor-button elementor-button-link elementor-size-sm\" href=\"http:\/\/www.chateaulafleurpenin.com\/wp-content\/uploads\/2021\/04\/ACCORD-DE-DEGUSTATION-LA-FLEUR-PENIN-3-rouge.pdf\" target=\"_blank\">\n\t\t\t\t\t\t<span class=\"elementor-button-content-wrapper\">\n\t\t\t\t\t\t\t\t\t<span class=\"elementor-button-text\">FOOD AND WINE PAIRING<\/span>\n\t\t\t\t\t<\/span>\n\t\t\t\t\t<\/a>\n\t\t\t\t<\/div>\n\t\t\t\t\t\t\t\t<\/div>\n\t\t\t\t<\/div>\n\t\t\t\t\t<\/div>\n\t\t<\/div>\n\t\t\t\t\t<\/div>\n\t\t<\/section>\n\t\t\t\t\t<\/div>\n\t\t<\/div>\n\t\t\t\t\t<\/div>\n\t\t<\/section>\n\t\t\t\t<section class=\"elementor-section elementor-top-section elementor-element elementor-element-5eb47ac elementor-section-boxed elementor-section-height-default elementor-section-height-default\" data-id=\"5eb47ac\" data-element_type=\"section\" data-e-type=\"section\">\n\t\t\t\t\t\t<div class=\"elementor-container elementor-column-gap-default\">\n\t\t\t\t\t<div class=\"elementor-column elementor-col-50 elementor-top-column elementor-element elementor-element-085085a\" data-id=\"085085a\" data-element_type=\"column\" data-e-type=\"column\">\n\t\t\t<div class=\"elementor-widget-wrap elementor-element-populated\">\n\t\t\t\t\t\t<section class=\"elementor-section elementor-inner-section elementor-element elementor-element-314e937 elementor-section-boxed elementor-section-height-default elementor-section-height-default\" data-id=\"314e937\" data-element_type=\"section\" data-e-type=\"section\">\n\t\t\t\t\t\t<div class=\"elementor-container elementor-column-gap-default\">\n\t\t\t\t\t<div class=\"elementor-column elementor-col-100 elementor-inner-column elementor-element elementor-element-a92a5e3\" data-id=\"a92a5e3\" data-element_type=\"column\" data-e-type=\"column\" data-settings=\"{&quot;background_background&quot;:&quot;classic&quot;}\">\n\t\t\t<div class=\"elementor-widget-wrap elementor-element-populated\">\n\t\t\t\t\t\t<div class=\"elementor-element elementor-element-1a1c040 elementor-widget elementor-widget-heading\" data-id=\"1a1c040\" data-element_type=\"widget\" data-e-type=\"widget\" data-widget_type=\"heading.default\">\n\t\t\t\t<div class=\"elementor-widget-container\">\n\t\t\t\t\t<h2 class=\"elementor-heading-title elementor-size-default\">Wine service<\/h2>\t\t\t\t<\/div>\n\t\t\t\t<\/div>\n\t\t\t\t\t<\/div>\n\t\t<\/div>\n\t\t\t\t\t<\/div>\n\t\t<\/section>\n\t\t\t\t<section class=\"elementor-section elementor-inner-section elementor-element elementor-element-d2ba39f elementor-section-boxed elementor-section-height-default elementor-section-height-default\" data-id=\"d2ba39f\" data-element_type=\"section\" data-e-type=\"section\" data-settings=\"{&quot;background_background&quot;:&quot;classic&quot;}\">\n\t\t\t\t\t\t<div class=\"elementor-container elementor-column-gap-default\">\n\t\t\t\t\t<div class=\"elementor-column elementor-col-100 elementor-inner-column elementor-element elementor-element-e75df91\" data-id=\"e75df91\" data-element_type=\"column\" data-e-type=\"column\">\n\t\t\t<div class=\"elementor-widget-wrap elementor-element-populated\">\n\t\t\t\t\t\t<div class=\"elementor-element elementor-element-a2cc29d elementor-widget elementor-widget-text-editor\" data-id=\"a2cc29d\" data-element_type=\"widget\" data-e-type=\"widget\" data-widget_type=\"text-editor.default\">\n\t\t\t\t<div class=\"elementor-widget-container\">\n\t\t\t\t\t\t\t\t\t<p><strong>Chambering a wine<\/strong>means bringing it to room temperature. But this term was invented at a time when the rooms were not heated: <strong>maximum 16 \u00b0.<\/strong><\/p><p><strong>\u2022 Serving a wine that is too hot<\/strong> accentuates certain aromas, as well as the perception of fat and alcohol. It will be heavier.<\/p><p><strong>\u2022 Serving a wine that is too cold<\/strong> masks the aromas, accentuates the perception of acidity and tannins.<\/p>\t\t\t\t\t\t\t\t<\/div>\n\t\t\t\t<\/div>\n\t\t\t\t\t<\/div>\n\t\t<\/div>\n\t\t\t\t\t<\/div>\n\t\t<\/section>\n\t\t\t\t\t<\/div>\n\t\t<\/div>\n\t\t\t\t<div class=\"elementor-column elementor-col-50 elementor-top-column elementor-element elementor-element-6e6dca2\" data-id=\"6e6dca2\" data-element_type=\"column\" data-e-type=\"column\">\n\t\t\t<div class=\"elementor-widget-wrap elementor-element-populated\">\n\t\t\t\t\t\t<section class=\"elementor-section elementor-inner-section elementor-element elementor-element-2aa4891 elementor-section-boxed elementor-section-height-default elementor-section-height-default\" data-id=\"2aa4891\" data-element_type=\"section\" data-e-type=\"section\">\n\t\t\t\t\t\t<div class=\"elementor-container elementor-column-gap-default\">\n\t\t\t\t\t<div class=\"elementor-column elementor-col-100 elementor-inner-column elementor-element elementor-element-da32d93\" data-id=\"da32d93\" data-element_type=\"column\" data-e-type=\"column\" data-settings=\"{&quot;background_background&quot;:&quot;classic&quot;}\">\n\t\t\t<div class=\"elementor-widget-wrap elementor-element-populated\">\n\t\t\t\t\t\t<div class=\"elementor-element elementor-element-baeefe9 elementor-widget elementor-widget-heading\" data-id=\"baeefe9\" data-element_type=\"widget\" data-e-type=\"widget\" data-widget_type=\"heading.default\">\n\t\t\t\t<div class=\"elementor-widget-container\">\n\t\t\t\t\t<h2 class=\"elementor-heading-title elementor-size-default\">Decant or decant<\/h2>\t\t\t\t<\/div>\n\t\t\t\t<\/div>\n\t\t\t\t\t<\/div>\n\t\t<\/div>\n\t\t\t\t\t<\/div>\n\t\t<\/section>\n\t\t\t\t<section class=\"elementor-section elementor-inner-section elementor-element elementor-element-1fd25cf elementor-section-boxed elementor-section-height-default elementor-section-height-default\" data-id=\"1fd25cf\" data-element_type=\"section\" data-e-type=\"section\" data-settings=\"{&quot;background_background&quot;:&quot;classic&quot;}\">\n\t\t\t\t\t\t<div class=\"elementor-container elementor-column-gap-default\">\n\t\t\t\t\t<div class=\"elementor-column elementor-col-100 elementor-inner-column elementor-element elementor-element-92235a6\" data-id=\"92235a6\" data-element_type=\"column\" data-e-type=\"column\">\n\t\t\t<div class=\"elementor-widget-wrap elementor-element-populated\">\n\t\t\t\t\t\t<div class=\"elementor-element elementor-element-490b198 elementor-widget elementor-widget-text-editor\" data-id=\"490b198\" data-element_type=\"widget\" data-e-type=\"widget\" data-widget_type=\"text-editor.default\">\n\t\t\t\t<div class=\"elementor-widget-container\">\n\t\t\t\t\t\t\t\t\t<p>Choose <strong>the right operation according to the age of the wines<\/strong> to be tasted:<\/p><p>\u2022 <strong>Decant a young wine<\/strong>, this allows it to get oxygenated, which will have the effect of releasing the aromas.<\/p><p>\u2022 <strong>Decanting an old wine<\/strong>, is a delicate operation which will have the effect of eliminating the deposit at the bottom of the bottle.<br \/><span style=\"font-size: 12px;\"><em>(decanting can also damage the wine, already weakened with age by providing too much oxygen).<\/em><\/span><\/p>\t\t\t\t\t\t\t\t<\/div>\n\t\t\t\t<\/div>\n\t\t\t\t\t<\/div>\n\t\t<\/div>\n\t\t\t\t\t<\/div>\n\t\t<\/section>\n\t\t\t\t\t<\/div>\n\t\t<\/div>\n\t\t\t\t\t<\/div>\n\t\t<\/section>\n\t\t\t\t<section class=\"elementor-section elementor-top-section elementor-element elementor-element-7d91162 elementor-section-boxed elementor-section-height-default elementor-section-height-default\" data-id=\"7d91162\" data-element_type=\"section\" data-e-type=\"section\">\n\t\t\t\t\t\t<div class=\"elementor-container elementor-column-gap-default\">\n\t\t\t\t\t<div class=\"elementor-column elementor-col-100 elementor-top-column elementor-element elementor-element-041cd5e\" data-id=\"041cd5e\" data-element_type=\"column\" data-e-type=\"column\">\n\t\t\t<div class=\"elementor-widget-wrap elementor-element-populated\">\n\t\t\t\t\t\t<div class=\"elementor-element elementor-element-ae3577d elementor-widget elementor-widget-text-editor\" data-id=\"ae3577d\" data-element_type=\"widget\" data-e-type=\"widget\" data-widget_type=\"text-editor.default\">\n\t\t\t\t<div class=\"elementor-widget-container\">\n\t\t\t\t\t\t\t\t\t<p>Ideal temperature for La Fleur Penin tasting: 18 \u00b0<\/p>\t\t\t\t\t\t\t\t<\/div>\n\t\t\t\t<\/div>\n\t\t\t\t\t<\/div>\n\t\t<\/div>\n\t\t\t\t\t<\/div>\n\t\t<\/section>\n\t\t\t\t<\/div>","protected":false},"excerpt":{"rendered":"<p>Initiation \u00e0 la d\u00e9gustation D\u00e9guster un vin n\u2019est pas r\u00e9serv\u00e9 \u00e0 des connaisseurs. La d\u00e9lectation que procure un vin est aussi subjective, cela d\u00e9pend de beaucoup d\u2019\u00e9l\u00e9ments, le moment o\u00f9 l\u2019on le d\u00e9guste, la personne avec qui on le partage, la cuisine qui y est associ\u00e9e et bien d\u2019autres param\u00e8tres encore. Seul compte le plaisir [&hellip;]<\/p>\n","protected":false},"author":3,"featured_media":0,"parent":0,"menu_order":0,"comment_status":"closed","ping_status":"closed","template":"elementor_header_footer","meta":{"footnotes":""},"class_list":["post-327","page","type-page","status-publish","hentry"],"yoast_head":"<!-- This site is optimized with the Yoast SEO plugin v27.4 - https:\/\/yoast.com\/product\/yoast-seo-wordpress\/ -->\n<title>Ch\u00e2teau La Fleur Penin | Conseils de d\u00e9gustation et accords mets et vins<\/title>\n<meta name=\"description\" content=\"Le Ch\u00e2teau La Fleur Penin vous propose ses conseils en mati\u00e8re de d\u00e9gustation et d&#039;accompagnements pour sublimer vos moments.\" \/>\n<meta name=\"robots\" content=\"index, follow, max-snippet:-1, max-image-preview:large, max-video-preview:-1\" \/>\n<link rel=\"canonical\" href=\"https:\/\/www.chateaulafleurpenin.com\/en\/degustation-et-accords\/\" \/>\n<meta property=\"og:locale\" content=\"en_US\" \/>\n<meta property=\"og:type\" content=\"article\" \/>\n<meta property=\"og:title\" content=\"Ch\u00e2teau La Fleur Penin | Conseils de d\u00e9gustation et accords mets et vins\" \/>\n<meta property=\"og:description\" content=\"Le Ch\u00e2teau La Fleur Penin vous propose ses conseils en mati\u00e8re de d\u00e9gustation et d&#039;accompagnements pour sublimer vos moments.\" \/>\n<meta property=\"og:url\" content=\"https:\/\/www.chateaulafleurpenin.com\/en\/degustation-et-accords\/\" \/>\n<meta property=\"og:site_name\" content=\"CH\u00c2TEAU LA FLEUR PENIN\" \/>\n<meta property=\"article:modified_time\" content=\"2021-06-18T15:50:52+00:00\" \/>\n<meta name=\"twitter:card\" content=\"summary_large_image\" \/>\n<meta name=\"twitter:label1\" content=\"Est. reading time\" \/>\n\t<meta name=\"twitter:data1\" content=\"1 minute\" \/>\n<script type=\"application\/ld+json\" class=\"yoast-schema-graph\">{\"@context\":\"https:\\\/\\\/schema.org\",\"@graph\":[{\"@type\":\"WebPage\",\"@id\":\"https:\\\/\\\/www.chateaulafleurpenin.com\\\/en\\\/degustation-et-accords\\\/\",\"url\":\"https:\\\/\\\/www.chateaulafleurpenin.com\\\/en\\\/degustation-et-accords\\\/\",\"name\":\"Ch\u00e2teau La Fleur Penin | Conseils de d\u00e9gustation et accords mets et vins\",\"isPartOf\":{\"@id\":\"https:\\\/\\\/www.chateaulafleurpenin.com\\\/#website\"},\"datePublished\":\"2021-02-15T19:34:49+00:00\",\"dateModified\":\"2021-06-18T15:50:52+00:00\",\"description\":\"Le Ch\u00e2teau La Fleur Penin vous propose ses conseils en mati\u00e8re de d\u00e9gustation et d'accompagnements pour sublimer vos moments.\",\"breadcrumb\":{\"@id\":\"https:\\\/\\\/www.chateaulafleurpenin.com\\\/en\\\/degustation-et-accords\\\/#breadcrumb\"},\"inLanguage\":\"en-US\",\"potentialAction\":[{\"@type\":\"ReadAction\",\"target\":[\"https:\\\/\\\/www.chateaulafleurpenin.com\\\/en\\\/degustation-et-accords\\\/\"]}]},{\"@type\":\"BreadcrumbList\",\"@id\":\"https:\\\/\\\/www.chateaulafleurpenin.com\\\/en\\\/degustation-et-accords\\\/#breadcrumb\",\"itemListElement\":[{\"@type\":\"ListItem\",\"position\":1,\"name\":\"Accueil\",\"item\":\"https:\\\/\\\/www.chateaulafleurpenin.com\\\/\"},{\"@type\":\"ListItem\",\"position\":2,\"name\":\"D\u00e9gustation et accords\"}]},{\"@type\":\"WebSite\",\"@id\":\"https:\\\/\\\/www.chateaulafleurpenin.com\\\/#website\",\"url\":\"https:\\\/\\\/www.chateaulafleurpenin.com\\\/\",\"name\":\"CH\u00c2TEAU LA FLEUR PENIN\",\"description\":\"AOC SAINT \u00c9MILION GRAND CRU\",\"potentialAction\":[{\"@type\":\"SearchAction\",\"target\":{\"@type\":\"EntryPoint\",\"urlTemplate\":\"https:\\\/\\\/www.chateaulafleurpenin.com\\\/?s={search_term_string}\"},\"query-input\":{\"@type\":\"PropertyValueSpecification\",\"valueRequired\":true,\"valueName\":\"search_term_string\"}}],\"inLanguage\":\"en-US\"}]}<\/script>\n<!-- \/ Yoast SEO plugin. -->","yoast_head_json":{"title":"Ch\u00e2teau La Fleur Penin | Conseils de d\u00e9gustation et accords mets et vins","description":"Le Ch\u00e2teau La Fleur Penin vous propose ses conseils en mati\u00e8re de d\u00e9gustation et d'accompagnements pour sublimer vos moments.","robots":{"index":"index","follow":"follow","max-snippet":"max-snippet:-1","max-image-preview":"max-image-preview:large","max-video-preview":"max-video-preview:-1"},"canonical":"https:\/\/www.chateaulafleurpenin.com\/en\/degustation-et-accords\/","og_locale":"en_US","og_type":"article","og_title":"Ch\u00e2teau La Fleur Penin | Conseils de d\u00e9gustation et accords mets et vins","og_description":"Le Ch\u00e2teau La Fleur Penin vous propose ses conseils en mati\u00e8re de d\u00e9gustation et d'accompagnements pour sublimer vos moments.","og_url":"https:\/\/www.chateaulafleurpenin.com\/en\/degustation-et-accords\/","og_site_name":"CH\u00c2TEAU LA FLEUR PENIN","article_modified_time":"2021-06-18T15:50:52+00:00","twitter_card":"summary_large_image","twitter_misc":{"Est. reading time":"1 minute"},"schema":{"@context":"https:\/\/schema.org","@graph":[{"@type":"WebPage","@id":"https:\/\/www.chateaulafleurpenin.com\/en\/degustation-et-accords\/","url":"https:\/\/www.chateaulafleurpenin.com\/en\/degustation-et-accords\/","name":"Ch\u00e2teau La Fleur Penin | Conseils de d\u00e9gustation et accords mets et vins","isPartOf":{"@id":"https:\/\/www.chateaulafleurpenin.com\/#website"},"datePublished":"2021-02-15T19:34:49+00:00","dateModified":"2021-06-18T15:50:52+00:00","description":"Le Ch\u00e2teau La Fleur Penin vous propose ses conseils en mati\u00e8re de d\u00e9gustation et d'accompagnements pour sublimer vos moments.","breadcrumb":{"@id":"https:\/\/www.chateaulafleurpenin.com\/en\/degustation-et-accords\/#breadcrumb"},"inLanguage":"en-US","potentialAction":[{"@type":"ReadAction","target":["https:\/\/www.chateaulafleurpenin.com\/en\/degustation-et-accords\/"]}]},{"@type":"BreadcrumbList","@id":"https:\/\/www.chateaulafleurpenin.com\/en\/degustation-et-accords\/#breadcrumb","itemListElement":[{"@type":"ListItem","position":1,"name":"Accueil","item":"https:\/\/www.chateaulafleurpenin.com\/"},{"@type":"ListItem","position":2,"name":"D\u00e9gustation et accords"}]},{"@type":"WebSite","@id":"https:\/\/www.chateaulafleurpenin.com\/#website","url":"https:\/\/www.chateaulafleurpenin.com\/","name":"CH\u00c2TEAU LA FLEUR PENIN","description":"AOC SAINT \u00c9MILION GRAND CRU","potentialAction":[{"@type":"SearchAction","target":{"@type":"EntryPoint","urlTemplate":"https:\/\/www.chateaulafleurpenin.com\/?s={search_term_string}"},"query-input":{"@type":"PropertyValueSpecification","valueRequired":true,"valueName":"search_term_string"}}],"inLanguage":"en-US"}]}},"_links":{"self":[{"href":"https:\/\/www.chateaulafleurpenin.com\/en\/wp-json\/wp\/v2\/pages\/327","targetHints":{"allow":["GET"]}}],"collection":[{"href":"https:\/\/www.chateaulafleurpenin.com\/en\/wp-json\/wp\/v2\/pages"}],"about":[{"href":"https:\/\/www.chateaulafleurpenin.com\/en\/wp-json\/wp\/v2\/types\/page"}],"author":[{"embeddable":true,"href":"https:\/\/www.chateaulafleurpenin.com\/en\/wp-json\/wp\/v2\/users\/3"}],"replies":[{"embeddable":true,"href":"https:\/\/www.chateaulafleurpenin.com\/en\/wp-json\/wp\/v2\/comments?post=327"}],"version-history":[{"count":103,"href":"https:\/\/www.chateaulafleurpenin.com\/en\/wp-json\/wp\/v2\/pages\/327\/revisions"}],"predecessor-version":[{"id":1773,"href":"https:\/\/www.chateaulafleurpenin.com\/en\/wp-json\/wp\/v2\/pages\/327\/revisions\/1773"}],"wp:attachment":[{"href":"https:\/\/www.chateaulafleurpenin.com\/en\/wp-json\/wp\/v2\/media?parent=327"}],"curies":[{"name":"wp","href":"https:\/\/api.w.org\/{rel}","templated":true}]}}