{"id":98,"date":"2015-09-25T13:14:06","date_gmt":"2015-09-25T12:14:06","guid":{"rendered":"http:\/\/de2442.ispfr.net\/_fleurpenin\/?page_id=98"},"modified":"2021-06-18T16:24:46","modified_gmt":"2021-06-18T15:24:46","slug":"le-vin","status":"publish","type":"page","link":"https:\/\/www.chateaulafleurpenin.com\/en\/le-vin\/","title":{"rendered":"Our wine"},"content":{"rendered":"<div data-elementor-type=\"wp-page\" data-elementor-id=\"98\" class=\"elementor elementor-98\" data-elementor-post-type=\"page\">\n\t\t\t\t\t\t<section class=\"elementor-section elementor-top-section elementor-element elementor-element-59b020d elementor-section-boxed elementor-section-height-default elementor-section-height-default\" data-id=\"59b020d\" data-element_type=\"section\" data-e-type=\"section\" data-settings=\"{&quot;background_background&quot;:&quot;classic&quot;}\">\n\t\t\t\t\t\t<div class=\"elementor-container elementor-column-gap-default\">\n\t\t\t\t\t<div class=\"elementor-column elementor-col-100 elementor-top-column elementor-element elementor-element-78e0a2b\" data-id=\"78e0a2b\" data-element_type=\"column\" data-e-type=\"column\">\n\t\t\t<div class=\"elementor-widget-wrap elementor-element-populated\">\n\t\t\t\t\t\t<section class=\"elementor-section elementor-inner-section elementor-element elementor-element-3843f09 elementor-reverse-tablet elementor-reverse-mobile elementor-section-boxed elementor-section-height-default elementor-section-height-default\" data-id=\"3843f09\" data-element_type=\"section\" data-e-type=\"section\">\n\t\t\t\t\t\t<div class=\"elementor-container elementor-column-gap-default\">\n\t\t\t\t\t<div class=\"elementor-column elementor-col-50 elementor-inner-column elementor-element elementor-element-d2f5f12\" data-id=\"d2f5f12\" data-element_type=\"column\" data-e-type=\"column\" data-settings=\"{&quot;background_background&quot;:&quot;classic&quot;}\">\n\t\t\t<div class=\"elementor-widget-wrap elementor-element-populated\">\n\t\t\t\t\t\t<div class=\"elementor-element elementor-element-2ec1df9 elementor-widget elementor-widget-heading\" data-id=\"2ec1df9\" data-element_type=\"widget\" data-e-type=\"widget\" data-widget_type=\"heading.default\">\n\t\t\t\t<div class=\"elementor-widget-container\">\n\t\t\t\t\t<h1 class=\"elementor-heading-title elementor-size-default\">The Penin Flower<\/h1>\t\t\t\t<\/div>\n\t\t\t\t<\/div>\n\t\t\t\t<div class=\"elementor-element elementor-element-4722bc2 elementor-widget elementor-widget-text-editor\" data-id=\"4722bc2\" data-element_type=\"widget\" data-e-type=\"widget\" data-widget_type=\"text-editor.default\">\n\t\t\t\t<div class=\"elementor-widget-container\">\n\t\t\t\t\t\t\t\t\t<p>One evening, the soul of wine sang in the bottles ...<\/p><p>A song full of light and brotherhood!<\/p>\t\t\t\t\t\t\t\t<\/div>\n\t\t\t\t<\/div>\n\t\t\t\t<div class=\"elementor-element elementor-element-9d795da elementor-widget elementor-widget-text-editor\" data-id=\"9d795da\" data-element_type=\"widget\" data-e-type=\"widget\" data-widget_type=\"text-editor.default\">\n\t\t\t\t<div class=\"elementor-widget-container\">\n\t\t\t\t\t\t\t\t\t<p>Extract from Soul of Wine<br \/>Charles Baudelaire, The Flowers of Evil, 1857<\/p>\t\t\t\t\t\t\t\t<\/div>\n\t\t\t\t<\/div>\n\t\t\t\t<div class=\"elementor-element elementor-element-e949f9d elementor-align-center elementor-icon-list--layout-traditional elementor-list-item-link-full_width elementor-widget elementor-widget-icon-list\" data-id=\"e949f9d\" data-element_type=\"widget\" data-e-type=\"widget\" data-widget_type=\"icon-list.default\">\n\t\t\t\t<div class=\"elementor-widget-container\">\n\t\t\t\t\t\t\t<ul class=\"elementor-icon-list-items\">\n\t\t\t\t\t\t\t<li class=\"elementor-icon-list-item\">\n\t\t\t\t\t\t\t\t\t\t\t<a href=\"http:\/\/www.chateaulafleurpenin.com\/wp-content\/uploads\/2021\/03\/fiche-technique-la-fleur-penin.pdf\" target=\"_blank\">\n\n\t\t\t\t\t\t\t\t\t\t\t\t<span class=\"elementor-icon-list-icon\">\n\t\t\t\t\t\t\t<i aria-hidden=\"true\" class=\"far fa-file-pdf\"><\/i>\t\t\t\t\t\t<\/span>\n\t\t\t\t\t\t\t\t\t\t<span class=\"elementor-icon-list-text\">Consult the technical sheet<\/span>\n\t\t\t\t\t\t\t\t\t\t\t<\/a>\n\t\t\t\t\t\t\t\t\t<\/li>\n\t\t\t\t\t\t<\/ul>\n\t\t\t\t\t\t<\/div>\n\t\t\t\t<\/div>\n\t\t\t\t\t<\/div>\n\t\t<\/div>\n\t\t\t\t<div class=\"elementor-column elementor-col-50 elementor-inner-column elementor-element elementor-element-39c77ba\" data-id=\"39c77ba\" data-element_type=\"column\" data-e-type=\"column\">\n\t\t\t<div class=\"elementor-widget-wrap elementor-element-populated\">\n\t\t\t\t\t\t<div class=\"elementor-element elementor-element-2440859 elementor-widget elementor-widget-image\" data-id=\"2440859\" data-element_type=\"widget\" data-e-type=\"widget\" data-widget_type=\"image.default\">\n\t\t\t\t<div class=\"elementor-widget-container\">\n\t\t\t\t\t\t\t\t\t\t\t\t\t\t\t<img fetchpriority=\"high\" decoding=\"async\" width=\"333\" height=\"1000\" src=\"https:\/\/www.chateaulafleurpenin.com\/wp-content\/uploads\/2021\/03\/la-fleur-penin.png\" class=\"attachment-large size-large wp-image-1163\" alt=\"Bouteille du Ch\u00e2teau La Fleur Penin\" srcset=\"https:\/\/www.chateaulafleurpenin.com\/wp-content\/uploads\/2021\/03\/la-fleur-penin.png 333w, https:\/\/www.chateaulafleurpenin.com\/wp-content\/uploads\/2021\/03\/la-fleur-penin-100x300.png 100w\" sizes=\"(max-width: 333px) 100vw, 333px\" \/>\t\t\t\t\t\t\t\t\t\t\t\t\t\t\t<\/div>\n\t\t\t\t<\/div>\n\t\t\t\t\t<\/div>\n\t\t<\/div>\n\t\t\t\t\t<\/div>\n\t\t<\/section>\n\t\t\t\t\t<\/div>\n\t\t<\/div>\n\t\t\t\t\t<\/div>\n\t\t<\/section>\n\t\t\t\t<\/div>","protected":false},"excerpt":{"rendered":"<p>La Fleur Penin Un soir, l\u2019\u00e2me du vin chantait dans les bouteilles\u00a0\u2026 Un chant plein de lumi\u00e8re et de fraternit\u00e9\u00a0! Extrait de L\u2019\u00e2me du vinCharles Baudelaire,\u00a0Les Fleurs du Mal,\u00a01857 Consulter la fiche technique<\/p>","protected":false},"author":1,"featured_media":0,"parent":0,"menu_order":0,"comment_status":"closed","ping_status":"closed","template":"elementor_header_footer","meta":{"footnotes":""},"class_list":["post-98","page","type-page","status-publish","hentry"],"yoast_head":"<!-- This site is optimized with the Yoast SEO plugin v27.4 - https:\/\/yoast.com\/product\/yoast-seo-wordpress\/ -->\n<title>Ch\u00e2teau La Fleur Penin | Saint-\u00c9milion Grand Cru | D\u00e9couvrez notre vin<\/title>\n<meta name=\"description\" content=\"D\u00e9couvrez notre vin du Ch\u00e2teau de La Fleur Penin, en appellation Saint-\u00c9milion Grand Cru. Fiche technique et achat disponible sur notre site\" \/>\n<meta name=\"robots\" content=\"index, follow, max-snippet:-1, max-image-preview:large, max-video-preview:-1\" \/>\n<link rel=\"canonical\" href=\"https:\/\/www.chateaulafleurpenin.com\/en\/le-vin\/\" \/>\n<meta property=\"og:locale\" content=\"en_US\" \/>\n<meta property=\"og:type\" content=\"article\" \/>\n<meta property=\"og:title\" content=\"Ch\u00e2teau La Fleur Penin | Saint-\u00c9milion Grand Cru | D\u00e9couvrez notre vin\" \/>\n<meta property=\"og:description\" content=\"D\u00e9couvrez notre vin du Ch\u00e2teau de La Fleur Penin, en appellation Saint-\u00c9milion Grand Cru. Fiche technique et achat disponible sur notre site\" \/>\n<meta property=\"og:url\" content=\"https:\/\/www.chateaulafleurpenin.com\/en\/le-vin\/\" \/>\n<meta property=\"og:site_name\" content=\"CH\u00c2TEAU LA FLEUR PENIN\" \/>\n<meta property=\"article:modified_time\" content=\"2021-06-18T15:24:46+00:00\" \/>\n<meta property=\"og:image\" content=\"https:\/\/www.chateaulafleurpenin.com\/wp-content\/uploads\/2021\/03\/la-fleur-penin.png\" \/>\n<meta name=\"twitter:card\" content=\"summary_large_image\" \/>\n<meta name=\"twitter:label1\" content=\"Est. reading time\" \/>\n\t<meta name=\"twitter:data1\" content=\"1 minute\" \/>\n<script type=\"application\/ld+json\" class=\"yoast-schema-graph\">{\"@context\":\"https:\\\/\\\/schema.org\",\"@graph\":[{\"@type\":\"WebPage\",\"@id\":\"https:\\\/\\\/www.chateaulafleurpenin.com\\\/le-vin\\\/\",\"url\":\"https:\\\/\\\/www.chateaulafleurpenin.com\\\/le-vin\\\/\",\"name\":\"Ch\u00e2teau La Fleur Penin | Saint-\u00c9milion Grand Cru | D\u00e9couvrez notre vin\",\"isPartOf\":{\"@id\":\"https:\\\/\\\/www.chateaulafleurpenin.com\\\/#website\"},\"primaryImageOfPage\":{\"@id\":\"https:\\\/\\\/www.chateaulafleurpenin.com\\\/le-vin\\\/#primaryimage\"},\"image\":{\"@id\":\"https:\\\/\\\/www.chateaulafleurpenin.com\\\/le-vin\\\/#primaryimage\"},\"thumbnailUrl\":\"https:\\\/\\\/www.chateaulafleurpenin.com\\\/wp-content\\\/uploads\\\/2021\\\/03\\\/la-fleur-penin.png\",\"datePublished\":\"2015-09-25T12:14:06+00:00\",\"dateModified\":\"2021-06-18T15:24:46+00:00\",\"description\":\"D\u00e9couvrez notre vin du Ch\u00e2teau de La Fleur Penin, en appellation Saint-\u00c9milion Grand Cru. Fiche technique et achat disponible sur notre site\",\"breadcrumb\":{\"@id\":\"https:\\\/\\\/www.chateaulafleurpenin.com\\\/le-vin\\\/#breadcrumb\"},\"inLanguage\":\"en-US\",\"potentialAction\":[{\"@type\":\"ReadAction\",\"target\":[\"https:\\\/\\\/www.chateaulafleurpenin.com\\\/le-vin\\\/\"]}]},{\"@type\":\"ImageObject\",\"inLanguage\":\"en-US\",\"@id\":\"https:\\\/\\\/www.chateaulafleurpenin.com\\\/le-vin\\\/#primaryimage\",\"url\":\"https:\\\/\\\/www.chateaulafleurpenin.com\\\/wp-content\\\/uploads\\\/2021\\\/03\\\/la-fleur-penin.png\",\"contentUrl\":\"https:\\\/\\\/www.chateaulafleurpenin.com\\\/wp-content\\\/uploads\\\/2021\\\/03\\\/la-fleur-penin.png\"},{\"@type\":\"BreadcrumbList\",\"@id\":\"https:\\\/\\\/www.chateaulafleurpenin.com\\\/le-vin\\\/#breadcrumb\",\"itemListElement\":[{\"@type\":\"ListItem\",\"position\":1,\"name\":\"Accueil\",\"item\":\"https:\\\/\\\/www.chateaulafleurpenin.com\\\/\"},{\"@type\":\"ListItem\",\"position\":2,\"name\":\"Notre vin\"}]},{\"@type\":\"WebSite\",\"@id\":\"https:\\\/\\\/www.chateaulafleurpenin.com\\\/#website\",\"url\":\"https:\\\/\\\/www.chateaulafleurpenin.com\\\/\",\"name\":\"CH\u00c2TEAU LA FLEUR PENIN\",\"description\":\"AOC SAINT \u00c9MILION GRAND CRU\",\"potentialAction\":[{\"@type\":\"SearchAction\",\"target\":{\"@type\":\"EntryPoint\",\"urlTemplate\":\"https:\\\/\\\/www.chateaulafleurpenin.com\\\/?s={search_term_string}\"},\"query-input\":{\"@type\":\"PropertyValueSpecification\",\"valueRequired\":true,\"valueName\":\"search_term_string\"}}],\"inLanguage\":\"en-US\"}]}<\/script>\n<!-- \/ Yoast SEO plugin. -->","yoast_head_json":{"title":"Ch\u00e2teau La Fleur Penin | Saint-\u00c9milion Grand Cru | D\u00e9couvrez notre vin","description":"D\u00e9couvrez notre vin du Ch\u00e2teau de La Fleur Penin, en appellation Saint-\u00c9milion Grand Cru. Fiche technique et achat disponible sur notre site","robots":{"index":"index","follow":"follow","max-snippet":"max-snippet:-1","max-image-preview":"max-image-preview:large","max-video-preview":"max-video-preview:-1"},"canonical":"https:\/\/www.chateaulafleurpenin.com\/en\/le-vin\/","og_locale":"en_US","og_type":"article","og_title":"Ch\u00e2teau La Fleur Penin | Saint-\u00c9milion Grand Cru | D\u00e9couvrez notre vin","og_description":"D\u00e9couvrez notre vin du Ch\u00e2teau de La Fleur Penin, en appellation Saint-\u00c9milion Grand Cru. Fiche technique et achat disponible sur notre site","og_url":"https:\/\/www.chateaulafleurpenin.com\/en\/le-vin\/","og_site_name":"CH\u00c2TEAU LA FLEUR PENIN","article_modified_time":"2021-06-18T15:24:46+00:00","og_image":[{"url":"https:\/\/www.chateaulafleurpenin.com\/wp-content\/uploads\/2021\/03\/la-fleur-penin.png","type":"","width":"","height":""}],"twitter_card":"summary_large_image","twitter_misc":{"Est. reading time":"1 minute"},"schema":{"@context":"https:\/\/schema.org","@graph":[{"@type":"WebPage","@id":"https:\/\/www.chateaulafleurpenin.com\/le-vin\/","url":"https:\/\/www.chateaulafleurpenin.com\/le-vin\/","name":"Ch\u00e2teau La Fleur Penin | Saint-\u00c9milion Grand Cru | D\u00e9couvrez notre vin","isPartOf":{"@id":"https:\/\/www.chateaulafleurpenin.com\/#website"},"primaryImageOfPage":{"@id":"https:\/\/www.chateaulafleurpenin.com\/le-vin\/#primaryimage"},"image":{"@id":"https:\/\/www.chateaulafleurpenin.com\/le-vin\/#primaryimage"},"thumbnailUrl":"https:\/\/www.chateaulafleurpenin.com\/wp-content\/uploads\/2021\/03\/la-fleur-penin.png","datePublished":"2015-09-25T12:14:06+00:00","dateModified":"2021-06-18T15:24:46+00:00","description":"D\u00e9couvrez notre vin du Ch\u00e2teau de La Fleur Penin, en appellation Saint-\u00c9milion Grand Cru. Fiche technique et achat disponible sur notre site","breadcrumb":{"@id":"https:\/\/www.chateaulafleurpenin.com\/le-vin\/#breadcrumb"},"inLanguage":"en-US","potentialAction":[{"@type":"ReadAction","target":["https:\/\/www.chateaulafleurpenin.com\/le-vin\/"]}]},{"@type":"ImageObject","inLanguage":"en-US","@id":"https:\/\/www.chateaulafleurpenin.com\/le-vin\/#primaryimage","url":"https:\/\/www.chateaulafleurpenin.com\/wp-content\/uploads\/2021\/03\/la-fleur-penin.png","contentUrl":"https:\/\/www.chateaulafleurpenin.com\/wp-content\/uploads\/2021\/03\/la-fleur-penin.png"},{"@type":"BreadcrumbList","@id":"https:\/\/www.chateaulafleurpenin.com\/le-vin\/#breadcrumb","itemListElement":[{"@type":"ListItem","position":1,"name":"Accueil","item":"https:\/\/www.chateaulafleurpenin.com\/"},{"@type":"ListItem","position":2,"name":"Notre vin"}]},{"@type":"WebSite","@id":"https:\/\/www.chateaulafleurpenin.com\/#website","url":"https:\/\/www.chateaulafleurpenin.com\/","name":"CH\u00c2TEAU LA FLEUR PENIN","description":"AOC SAINT \u00c9MILION GRAND CRU","potentialAction":[{"@type":"SearchAction","target":{"@type":"EntryPoint","urlTemplate":"https:\/\/www.chateaulafleurpenin.com\/?s={search_term_string}"},"query-input":{"@type":"PropertyValueSpecification","valueRequired":true,"valueName":"search_term_string"}}],"inLanguage":"en-US"}]}},"_links":{"self":[{"href":"https:\/\/www.chateaulafleurpenin.com\/en\/wp-json\/wp\/v2\/pages\/98","targetHints":{"allow":["GET"]}}],"collection":[{"href":"https:\/\/www.chateaulafleurpenin.com\/en\/wp-json\/wp\/v2\/pages"}],"about":[{"href":"https:\/\/www.chateaulafleurpenin.com\/en\/wp-json\/wp\/v2\/types\/page"}],"author":[{"embeddable":true,"href":"https:\/\/www.chateaulafleurpenin.com\/en\/wp-json\/wp\/v2\/users\/1"}],"replies":[{"embeddable":true,"href":"https:\/\/www.chateaulafleurpenin.com\/en\/wp-json\/wp\/v2\/comments?post=98"}],"version-history":[{"count":85,"href":"https:\/\/www.chateaulafleurpenin.com\/en\/wp-json\/wp\/v2\/pages\/98\/revisions"}],"predecessor-version":[{"id":1767,"href":"https:\/\/www.chateaulafleurpenin.com\/en\/wp-json\/wp\/v2\/pages\/98\/revisions\/1767"}],"wp:attachment":[{"href":"https:\/\/www.chateaulafleurpenin.com\/en\/wp-json\/wp\/v2\/media?parent=98"}],"curies":[{"name":"wp","href":"https:\/\/api.w.org\/{rel}","templated":true}]}}